{"id":81,"date":"2019-04-18T19:29:34","date_gmt":"2019-04-18T19:29:34","guid":{"rendered":"https:\/\/neomolly.com\/public\/?page_id=81"},"modified":"2019-09-26T14:29:09","modified_gmt":"2019-09-26T14:29:09","slug":"tarification","status":"publish","type":"page","link":"https:\/\/neomolly.com\/public\/tarification\/","title":{"rendered":"Tarification"},"content":{"rendered":"\n<figure class=\"wp-block-image\"><img decoding=\"async\" src=\"https:\/\/neomolly.com\/public\/wp-content\/uploads\/2019\/04\/process123-1.png\" alt=\"This image has an empty alt attribute; its file name is process123-1.png\"\/><\/figure>\n\n\n\n<p>Molly est aussi simple que de compter jusqu&#8217;\u00e0 3:<\/p>\n\n\n\n<p>1- Cr\u00e9ez votre garderie et commencez \u00e0 entrer vos classes et vos \u00e9ducateurs. Pas besoin de cr\u00e9er des parents et des enfants car ils peuvent cr\u00e9er leur propre profil. Si vous d\u00e9cidez cr\u00e9er vous-m\u00eame les utilisateurs (parents et enfants), vous pouvez le faire facilement via notre plateforme.<\/p>\n\n\n\n<p>2- Votre facturation commencera d\u00e8s que vous activerez un enfant.<\/p>\n\n\n\n<p>3- Le premier de chaque mois, vous serez factur\u00e9 1 $ par enfant actif dans votre garderie au cours du mois pr\u00e9c\u00e9dent.<\/p>\n\n\n\n<p>Remarque: si un enfant est supprim\u00e9 de votre garderie avant le 15 du mois, vous ne serez pas factur\u00e9 pour cet enfant lors de votre prochaine facturation.<\/p>\n","protected":false},"excerpt":{"rendered":"<p>Molly est aussi simple que de compter jusqu&#8217;\u00e0 3: 1- Cr\u00e9ez votre garderie et commencez \u00e0 entrer vos classes et vos \u00e9ducateurs. [&hellip;]<\/p>\n","protected":false},"author":1,"featured_media":0,"parent":0,"menu_order":0,"comment_status":"closed","ping_status":"closed","template":"elementor_header_footer","meta":{"_bbp_topic_count":0,"_bbp_reply_count":0,"_bbp_total_topic_count":0,"_bbp_total_reply_count":0,"_bbp_voice_count":0,"_bbp_anonymous_reply_count":0,"_bbp_topic_count_hidden":0,"_bbp_reply_count_hidden":0,"_bbp_forum_subforum_count":0,"_monsterinsights_skip_tracking":false,"_monsterinsights_sitenote_active":false,"_monsterinsights_sitenote_note":"","_monsterinsights_sitenote_category":0,"footnotes":""},"class_list":["post-81","page","type-page","status-publish","hentry"],"_links":{"self":[{"href":"https:\/\/neomolly.com\/public\/wp-json\/wp\/v2\/pages\/81","targetHints":{"allow":["GET"]}}],"collection":[{"href":"https:\/\/neomolly.com\/public\/wp-json\/wp\/v2\/pages"}],"about":[{"href":"https:\/\/neomolly.com\/public\/wp-json\/wp\/v2\/types\/page"}],"author":[{"embeddable":true,"href":"https:\/\/neomolly.com\/public\/wp-json\/wp\/v2\/users\/1"}],"replies":[{"embeddable":true,"href":"https:\/\/neomolly.com\/public\/wp-json\/wp\/v2\/comments?post=81"}],"version-history":[{"count":1,"href":"https:\/\/neomolly.com\/public\/wp-json\/wp\/v2\/pages\/81\/revisions"}],"predecessor-version":[{"id":82,"href":"https:\/\/neomolly.com\/public\/wp-json\/wp\/v2\/pages\/81\/revisions\/82"}],"wp:attachment":[{"href":"https:\/\/neomolly.com\/public\/wp-json\/wp\/v2\/media?parent=81"}],"curies":[{"name":"wp","href":"https:\/\/api.w.org\/{rel}","templated":true}]}}