{"id":44,"date":"2018-02-28T13:01:58","date_gmt":"2018-02-28T13:01:58","guid":{"rendered":"https:\/\/neomolly.com\/public\/?page_id=44"},"modified":"2020-10-05T16:32:40","modified_gmt":"2020-10-05T16:32:40","slug":"molly-home","status":"publish","type":"page","link":"https:\/\/neomolly.com\/public\/","title":{"rendered":"Pourquoi Molly?"},"content":{"rendered":"\t\t<div data-elementor-type=\"wp-post\" data-elementor-id=\"44\" class=\"elementor elementor-44\">\n\t\t\t\t\t\t<section class=\"elementor-section elementor-top-section elementor-element elementor-element-3ef8b569 elementor-section-boxed elementor-section-height-default elementor-section-height-default\" data-id=\"3ef8b569\" data-element_type=\"section\" data-e-type=\"section\">\n\t\t\t\t\t\t<div class=\"elementor-container elementor-column-gap-default\">\n\t\t\t\t\t<div class=\"elementor-column elementor-col-100 elementor-top-column elementor-element elementor-element-6b8ce76e\" data-id=\"6b8ce76e\" data-element_type=\"column\" data-e-type=\"column\">\n\t\t\t<div class=\"elementor-widget-wrap elementor-element-populated\">\n\t\t\t\t\t\t<div class=\"elementor-element elementor-element-8cf0f25 elementor-invisible elementor-widget elementor-widget-image\" data-id=\"8cf0f25\" data-element_type=\"widget\" data-e-type=\"widget\" data-settings=\"{&quot;_animation&quot;:&quot;rubberBand&quot;}\" data-widget_type=\"image.default\">\n\t\t\t\t<div class=\"elementor-widget-container\">\n\t\t\t\t\t\t\t\t\t\t\t\t<figure class=\"wp-caption\">\n\t\t\t\t\t\t\t\t\t\t<img decoding=\"async\" width=\"300\" height=\"130\" src=\"https:\/\/neomolly.com\/public\/wp-content\/uploads\/2019\/07\/MollyLogo_nobg.png\" class=\"attachment-large size-large wp-image-132\" alt=\"\" \/>\t\t\t\t\t\t\t\t\t\t\t<figcaption class=\"widget-image-caption wp-caption-text\"><\/figcaption>\n\t\t\t\t\t\t\t\t\t\t<\/figure>\n\t\t\t\t\t\t\t\t\t<\/div>\n\t\t\t\t<\/div>\n\t\t\t\t<div class=\"elementor-element elementor-element-758258e1 elementor-widget elementor-widget-text-editor\" data-id=\"758258e1\" data-element_type=\"widget\" data-e-type=\"widget\" data-widget_type=\"text-editor.default\">\n\t\t\t\t<div class=\"elementor-widget-container\">\n\t\t\t\t\t\t\t\t\t<p><\/p>\n<p style=\"text-align: center;\">1$ par enfant! Un petit co\u00fbt pour de gros avantages&#8230;<\/p>\n<p style=\"text-align: right;\">\u00a0<\/p>\n<h5><span style=\"text-decoration: underline;\"><i class=\"fa fa-question-circle\"><\/i><strong>\u00a0 Pourquoi Molly:<\/strong><\/span><\/h5>\n<p>Molly permet aux garderies de g\u00e9rer leurs relations avec les parents et les garder inform\u00e9s en ligne par rapport \u00e0 leurs activit\u00e9s, leurs documents important ou encore l&#8217;agenda de leur enfant.<\/p>\n<h5><i class=\"fa fa-cogs\"><\/i><u>\u00a0 comment \u00e7a marche:<\/u><\/h5>\n<p>Enregistrer et mettre en place votre garderie ou \u00e9cole est gratuit.<\/p>\n<p>Il n&#8217;y a aussi aucun frais pour ajouter vos classes, \u00e9ducateurs\/enseignants, enregistrer les parents ainsi que leurs enfants et commencer \u00e0 t\u00e9l\u00e9charger vos documents.<\/p>\n<p>Vous commencerez \u00e0 payer seulement lorsque vous activerez des enfants. Les agendas, calendrier, activit\u00e9s et tout autre document seront accessible seulement pour les enfants activ\u00e9s.<\/p>\n<h5><span style=\"text-decoration: underline;\"><i class=\"fa fa-credit-card\"><\/i>\u00a0 Seulement 1$* par mois par enfant:<img fetchpriority=\"high\" decoding=\"async\" class=\"wp-image-198 alignright\" src=\"http:\/\/191.101.15.90\/neomolly\/public\/wp-content\/uploads\/2019\/10\/neomollyordis.png\" alt=\"\" width=\"307\" height=\"200\" \/><\/span><\/h5>\n<p>L&#8217;accessibilit\u00e9 est notre priorit\u00e9. Nous avons examin\u00e9 nos co\u00fbts pour rendre Molly disponible pour toutes les tailles de garderies. Vous avez 5 enfants? Molly vous co\u00fbtera 5 $ * par mois!<\/p>\n<h5><span style=\"text-decoration: underline;\"><i class=\"fa fa-edit\"><\/i>\u00a0 Une plateforme compl\u00e8tement repens\u00e9e:<\/span><\/h5>\n<p>Une multitude de nouvelles fonctionnalit\u00e9s ont \u00e9t\u00e9 ajout\u00e9es \u00e0 Molly!<\/p>\n<p>Avec sa nouvelle interface et la g\u00e9olocalisation Google de votre garderie, Molly est encore plus simple, plus conviviale et intuitive.<\/p>\n<p>L&#8217;utilisation des derni\u00e8res technologies fait de Molly un outil ultra-rapide offrant une s\u00e9curit\u00e9 accrue.<\/p>\n<h5><span style=\"text-decoration: underline;\"><i class=\"fa fa-list-alt\"><\/i>\u00a0 Fonctions principales:<\/span><\/h5>\n<p>&#8211; Acc\u00e8s s\u00e9curis\u00e9 \u00e0 tout moment, de n&#8217;importe o\u00f9<\/p>\n<p>&#8211; Contr\u00f4le de l&#8217;acc\u00e8s par l&#8217;administrateur<\/p>\n<p>&#8211; Les \u00e9ducateurs peuvent pr\u00e9parer leur agenda \u00e0 partir de n\u2019importe quel appareil, quel que soit leur syst\u00e8me d\u2019exploitation, \u00e0 condition qu\u2019ils aient acc\u00e8s \u00e0 Internet.<\/p>\n<p>&#8211; Envoyer des documents ou des photos \u00e0 un groupe ou \u00e0 un parent isol\u00e9 en un clic<\/p>\n<p>&#8211; R\u00e9duire vos co\u00fbts en supports papier (agendas et autres) et respectez l&#8217;environnement<\/p>\n<p>&#8211; Envoyer des devis et des factures<\/p>\n<p>&#8211; Poster un calendrier d&#8217;activit\u00e9s<\/p>\n<p>&#8211; Tenir vos employ\u00e9s et clients inform\u00e9s des derni\u00e8res nouvelles<\/p>\n<p>&#8211; G\u00e9rer vos projets<\/p>\n<p>&#8211; et plus&#8230;<\/p>\n<p>Un outil simple et intuitif. Un seul clic!<\/p>\n<h4 style=\"text-align: right;\">Ce qu&#8217;en disent les parents&#8230;<img decoding=\"async\" class=\"alignnone wp-image-123\" src=\"http:\/\/191.101.15.90\/neomolly\/public\/wp-content\/uploads\/2019\/07\/Commentaires.jpg\" alt=\"\" width=\"467\" height=\"260\" \/><\/h4>\n<p>\u00a0<\/p>\n<p style=\"text-align: center;\"><strong><a href=\"https:\/\/neomolly.com\/login.php?lang=fr\">Click here to register<\/a><\/strong><\/p>\n<p><span style=\"font-size: inherit;\"><br \/>*plus applicable taxes.<\/span><\/p>\n<p><\/p>\t\t\t\t\t\t\t\t<\/div>\n\t\t\t\t<\/div>\n\t\t\t\t\t<\/div>\n\t\t<\/div>\n\t\t\t\t\t<\/div>\n\t\t<\/section>\n\t\t\t\t<section class=\"elementor-section elementor-top-section elementor-element elementor-element-22d95e2 elementor-section-boxed elementor-section-height-default elementor-section-height-default\" data-id=\"22d95e2\" data-element_type=\"section\" data-e-type=\"section\">\n\t\t\t\t\t\t<div class=\"elementor-container elementor-column-gap-default\">\n\t\t\t\t\t<div class=\"elementor-column elementor-col-100 elementor-top-column elementor-element elementor-element-6537ca5\" data-id=\"6537ca5\" data-element_type=\"column\" data-e-type=\"column\">\n\t\t\t<div class=\"elementor-widget-wrap elementor-element-populated\">\n\t\t\t\t\t\t<div class=\"elementor-element elementor-element-a9f7add elementor-widget-divider--view-line elementor-widget elementor-widget-divider\" data-id=\"a9f7add\" data-element_type=\"widget\" data-e-type=\"widget\" data-widget_type=\"divider.default\">\n\t\t\t\t<div class=\"elementor-widget-container\">\n\t\t\t\t\t\t\t<div class=\"elementor-divider\">\n\t\t\t<span class=\"elementor-divider-separator\">\n\t\t\t\t\t\t<\/span>\n\t\t<\/div>\n\t\t\t\t\t\t<\/div>\n\t\t\t\t<\/div>\n\t\t\t\t\t<\/div>\n\t\t<\/div>\n\t\t\t\t\t<\/div>\n\t\t<\/section>\n\t\t\t\t<\/div>\n\t\t","protected":false},"excerpt":{"rendered":"<p>1$ par enfant! Un petit co\u00fbt pour de gros avantages&#8230; \u00a0 \u00a0 Pourquoi Molly: Molly permet aux garderies de g\u00e9rer leurs relations [&hellip;]<\/p>\n","protected":false},"author":1,"featured_media":0,"parent":0,"menu_order":0,"comment_status":"closed","ping_status":"closed","template":"elementor_header_footer","meta":{"_bbp_topic_count":0,"_bbp_reply_count":0,"_bbp_total_topic_count":0,"_bbp_total_reply_count":0,"_bbp_voice_count":0,"_bbp_anonymous_reply_count":0,"_bbp_topic_count_hidden":0,"_bbp_reply_count_hidden":0,"_bbp_forum_subforum_count":0,"_monsterinsights_skip_tracking":false,"_monsterinsights_sitenote_active":false,"_monsterinsights_sitenote_note":"","_monsterinsights_sitenote_category":0,"footnotes":""},"class_list":["post-44","page","type-page","status-publish","hentry"],"_links":{"self":[{"href":"https:\/\/neomolly.com\/public\/wp-json\/wp\/v2\/pages\/44","targetHints":{"allow":["GET"]}}],"collection":[{"href":"https:\/\/neomolly.com\/public\/wp-json\/wp\/v2\/pages"}],"about":[{"href":"https:\/\/neomolly.com\/public\/wp-json\/wp\/v2\/types\/page"}],"author":[{"embeddable":true,"href":"https:\/\/neomolly.com\/public\/wp-json\/wp\/v2\/users\/1"}],"replies":[{"embeddable":true,"href":"https:\/\/neomolly.com\/public\/wp-json\/wp\/v2\/comments?post=44"}],"version-history":[{"count":21,"href":"https:\/\/neomolly.com\/public\/wp-json\/wp\/v2\/pages\/44\/revisions"}],"predecessor-version":[{"id":408,"href":"https:\/\/neomolly.com\/public\/wp-json\/wp\/v2\/pages\/44\/revisions\/408"}],"wp:attachment":[{"href":"https:\/\/neomolly.com\/public\/wp-json\/wp\/v2\/media?parent=44"}],"curies":[{"name":"wp","href":"https:\/\/api.w.org\/{rel}","templated":true}]}}